{"id":1936,"date":"2020-09-03T02:08:53","date_gmt":"2020-09-03T02:08:53","guid":{"rendered":"https:\/\/sgya.sbnmedia.hu\/product\/import-placeholder-for-58\/"},"modified":"2025-02-25T04:15:30","modified_gmt":"2025-02-25T04:15:30","slug":"organic-tea-sampler-pack","status":"publish","type":"product","link":"https:\/\/sgya.sbnmedia.hu\/hu\/termek\/organic-tea-sampler-pack\/","title":{"rendered":"Organic Tea Sampler Pack"},"content":{"rendered":"<p>Pellentesque habitant morbi tristique senectus et netus et malesuada fames ac turpis egestas. Vestibulum tortor quam, feugiat vitae, ultricies eget, tempor sit amet, ante. Donec eu libero sit amet quam egestas semper. Aenean ultricies mi vitae est. Mauris placerat eleifend leo.<\/p>","protected":false},"excerpt":{"rendered":"<p>A selection of herbal and green teas, ethically sourced and fair trade certified.<\/p>","protected":false},"featured_media":21759,"comment_status":"open","ping_status":"closed","template":"","meta":{"_acf_changed":false,"give_campaign_id":0},"product_brand":[],"product_cat":[214],"product_tag":[],"class_list":{"0":"post-1936","1":"product","2":"type-product","3":"status-publish","4":"has-post-thumbnail","6":"product_cat-eco-friendly","7":"entry","9":"first","10":"instock","11":"sale","12":"taxable","13":"shipping-taxable","14":"purchasable","15":"product-type-simple"},"acf":[],"yoast_head":"<!-- This site is optimized with the Yoast SEO plugin v27.2 - https:\/\/yoast.com\/product\/yoast-seo-wordpress\/ -->\n<title>Organic Tea Sampler Pack - Seg\u00edts Gyorsan Alap\u00edtv\u00e1ny<\/title>\n<meta name=\"robots\" content=\"noindex, follow, max-snippet:-1, max-image-preview:large, max-video-preview:-1\" \/>\n<meta property=\"og:locale\" content=\"hu_HU\" \/>\n<meta property=\"og:type\" content=\"article\" \/>\n<meta property=\"og:title\" content=\"Organic Tea Sampler Pack - Seg\u00edts Gyorsan Alap\u00edtv\u00e1ny\" \/>\n<meta property=\"og:description\" content=\"A selection of herbal and green teas, ethically sourced and fair trade certified.\" \/>\n<meta property=\"og:url\" content=\"https:\/\/sgya.sbnmedia.hu\/hu\/termek\/belt\/\" \/>\n<meta property=\"og:site_name\" content=\"Seg\u00edts Gyorsan Alap\u00edtv\u00e1ny\" \/>\n<meta property=\"article:modified_time\" content=\"2025-02-25T04:15:30+00:00\" \/>\n<meta property=\"og:image\" content=\"https:\/\/sgya.sbnmedia.hu\/wp-content\/uploads\/2020\/09\/belt-2.jpg\" \/>\n\t<meta property=\"og:image:width\" content=\"801\" \/>\n\t<meta property=\"og:image:height\" content=\"801\" \/>\n\t<meta property=\"og:image:type\" content=\"image\/jpeg\" \/>\n<meta name=\"twitter:card\" content=\"summary_large_image\" \/>\n<script type=\"application\/ld+json\" class=\"yoast-schema-graph\">{\"@context\":\"https:\/\/schema.org\",\"@graph\":[{\"@type\":\"WebPage\",\"@id\":\"https:\/\/sgya.sbnmedia.hu\/product\/belt\/\",\"url\":\"https:\/\/sgya.sbnmedia.hu\/product\/belt\/\",\"name\":\"Organic Tea Sampler Pack - Seg\u00edts Gyorsan Alap\u00edtv\u00e1ny\",\"isPartOf\":{\"@id\":\"https:\/\/sgya.sbnmedia.hu\/#website\"},\"primaryImageOfPage\":{\"@id\":\"https:\/\/sgya.sbnmedia.hu\/product\/belt\/#primaryimage\"},\"image\":{\"@id\":\"https:\/\/sgya.sbnmedia.hu\/product\/belt\/#primaryimage\"},\"thumbnailUrl\":\"https:\/\/sgya.sbnmedia.hu\/wp-content\/uploads\/2020\/09\/organic-tea-sampler-pack-min.jpg\",\"datePublished\":\"2020-09-03T02:08:53+00:00\",\"dateModified\":\"2025-02-25T04:15:30+00:00\",\"breadcrumb\":{\"@id\":\"https:\/\/sgya.sbnmedia.hu\/product\/belt\/#breadcrumb\"},\"inLanguage\":\"hu\",\"potentialAction\":[{\"@type\":\"ReadAction\",\"target\":[\"https:\/\/sgya.sbnmedia.hu\/product\/belt\/\"]}]},{\"@type\":\"ImageObject\",\"inLanguage\":\"hu\",\"@id\":\"https:\/\/sgya.sbnmedia.hu\/product\/belt\/#primaryimage\",\"url\":\"https:\/\/sgya.sbnmedia.hu\/wp-content\/uploads\/2020\/09\/organic-tea-sampler-pack-min.jpg\",\"contentUrl\":\"https:\/\/sgya.sbnmedia.hu\/wp-content\/uploads\/2020\/09\/organic-tea-sampler-pack-min.jpg\",\"width\":1000,\"height\":1000},{\"@type\":\"BreadcrumbList\",\"@id\":\"https:\/\/sgya.sbnmedia.hu\/product\/belt\/#breadcrumb\",\"itemListElement\":[{\"@type\":\"ListItem\",\"position\":1,\"name\":\"Home\",\"item\":\"https:\/\/sgya.sbnmedia.hu\/\"},{\"@type\":\"ListItem\",\"position\":2,\"name\":\"Shop\",\"item\":\"https:\/\/sgya.sbnmedia.hu\/shop\/\"},{\"@type\":\"ListItem\",\"position\":3,\"name\":\"Belt\"}]},{\"@type\":\"WebSite\",\"@id\":\"https:\/\/sgya.sbnmedia.hu\/#website\",\"url\":\"https:\/\/sgya.sbnmedia.hu\/\",\"name\":\"Seg\u00edts Gyorsan Alap\u00edtv\u00e1ny\",\"description\":\"SGYA - Dem\u00f3\",\"publisher\":{\"@id\":\"https:\/\/sgya.sbnmedia.hu\/#organization\"},\"potentialAction\":[{\"@type\":\"SearchAction\",\"target\":{\"@type\":\"EntryPoint\",\"urlTemplate\":\"https:\/\/sgya.sbnmedia.hu\/?s={search_term_string}\"},\"query-input\":{\"@type\":\"PropertyValueSpecification\",\"valueRequired\":true,\"valueName\":\"search_term_string\"}}],\"inLanguage\":\"hu\"},{\"@type\":\"Organization\",\"@id\":\"https:\/\/sgya.sbnmedia.hu\/#organization\",\"name\":\"Seg\u00edts Gyorsan Alap\u00edtv\u00e1ny\",\"url\":\"https:\/\/sgya.sbnmedia.hu\/\",\"logo\":{\"@type\":\"ImageObject\",\"inLanguage\":\"hu\",\"@id\":\"https:\/\/sgya.sbnmedia.hu\/#\/schema\/logo\/image\/\",\"url\":\"https:\/\/sgya.sbnmedia.hu\/wp-content\/uploads\/2020\/08\/Black-and-Pink-Modern-Mom-and-Baby-Logo-400-x-200-keppont-400-x-200-keppont-2.png\",\"contentUrl\":\"https:\/\/sgya.sbnmedia.hu\/wp-content\/uploads\/2020\/08\/Black-and-Pink-Modern-Mom-and-Baby-Logo-400-x-200-keppont-400-x-200-keppont-2.png\",\"width\":800,\"height\":250,\"caption\":\"Seg\u00edts Gyorsan Alap\u00edtv\u00e1ny\"},\"image\":{\"@id\":\"https:\/\/sgya.sbnmedia.hu\/#\/schema\/logo\/image\/\"}}]}<\/script>\n<!-- \/ Yoast SEO plugin. -->","yoast_head_json":{"title":"Organic Tea Sampler Pack - Seg\u00edts Gyorsan Alap\u00edtv\u00e1ny","robots":{"index":"noindex","follow":"follow","max-snippet":"max-snippet:-1","max-image-preview":"max-image-preview:large","max-video-preview":"max-video-preview:-1"},"og_locale":"hu_HU","og_type":"article","og_title":"Organic Tea Sampler Pack - Seg\u00edts Gyorsan Alap\u00edtv\u00e1ny","og_description":"A selection of herbal and green teas, ethically sourced and fair trade certified.","og_url":"https:\/\/sgya.sbnmedia.hu\/hu\/termek\/belt\/","og_site_name":"Seg\u00edts Gyorsan Alap\u00edtv\u00e1ny","article_modified_time":"2025-02-25T04:15:30+00:00","og_image":[{"width":801,"height":801,"url":"https:\/\/sgya.sbnmedia.hu\/wp-content\/uploads\/2020\/09\/belt-2.jpg","type":"image\/jpeg"}],"twitter_card":"summary_large_image","schema":{"@context":"https:\/\/schema.org","@graph":[{"@type":"WebPage","@id":"https:\/\/sgya.sbnmedia.hu\/product\/belt\/","url":"https:\/\/sgya.sbnmedia.hu\/product\/belt\/","name":"Organic Tea Sampler Pack - Seg\u00edts Gyorsan Alap\u00edtv\u00e1ny","isPartOf":{"@id":"https:\/\/sgya.sbnmedia.hu\/#website"},"primaryImageOfPage":{"@id":"https:\/\/sgya.sbnmedia.hu\/product\/belt\/#primaryimage"},"image":{"@id":"https:\/\/sgya.sbnmedia.hu\/product\/belt\/#primaryimage"},"thumbnailUrl":"https:\/\/sgya.sbnmedia.hu\/wp-content\/uploads\/2020\/09\/organic-tea-sampler-pack-min.jpg","datePublished":"2020-09-03T02:08:53+00:00","dateModified":"2025-02-25T04:15:30+00:00","breadcrumb":{"@id":"https:\/\/sgya.sbnmedia.hu\/product\/belt\/#breadcrumb"},"inLanguage":"hu","potentialAction":[{"@type":"ReadAction","target":["https:\/\/sgya.sbnmedia.hu\/product\/belt\/"]}]},{"@type":"ImageObject","inLanguage":"hu","@id":"https:\/\/sgya.sbnmedia.hu\/product\/belt\/#primaryimage","url":"https:\/\/sgya.sbnmedia.hu\/wp-content\/uploads\/2020\/09\/organic-tea-sampler-pack-min.jpg","contentUrl":"https:\/\/sgya.sbnmedia.hu\/wp-content\/uploads\/2020\/09\/organic-tea-sampler-pack-min.jpg","width":1000,"height":1000},{"@type":"BreadcrumbList","@id":"https:\/\/sgya.sbnmedia.hu\/product\/belt\/#breadcrumb","itemListElement":[{"@type":"ListItem","position":1,"name":"Home","item":"https:\/\/sgya.sbnmedia.hu\/"},{"@type":"ListItem","position":2,"name":"Shop","item":"https:\/\/sgya.sbnmedia.hu\/shop\/"},{"@type":"ListItem","position":3,"name":"Belt"}]},{"@type":"WebSite","@id":"https:\/\/sgya.sbnmedia.hu\/#website","url":"https:\/\/sgya.sbnmedia.hu\/","name":"Seg\u00edts Gyorsan Alap\u00edtv\u00e1ny","description":"SGYA - Dem\u00f3","publisher":{"@id":"https:\/\/sgya.sbnmedia.hu\/#organization"},"potentialAction":[{"@type":"SearchAction","target":{"@type":"EntryPoint","urlTemplate":"https:\/\/sgya.sbnmedia.hu\/?s={search_term_string}"},"query-input":{"@type":"PropertyValueSpecification","valueRequired":true,"valueName":"search_term_string"}}],"inLanguage":"hu"},{"@type":"Organization","@id":"https:\/\/sgya.sbnmedia.hu\/#organization","name":"Seg\u00edts Gyorsan Alap\u00edtv\u00e1ny","url":"https:\/\/sgya.sbnmedia.hu\/","logo":{"@type":"ImageObject","inLanguage":"hu","@id":"https:\/\/sgya.sbnmedia.hu\/#\/schema\/logo\/image\/","url":"https:\/\/sgya.sbnmedia.hu\/wp-content\/uploads\/2020\/08\/Black-and-Pink-Modern-Mom-and-Baby-Logo-400-x-200-keppont-400-x-200-keppont-2.png","contentUrl":"https:\/\/sgya.sbnmedia.hu\/wp-content\/uploads\/2020\/08\/Black-and-Pink-Modern-Mom-and-Baby-Logo-400-x-200-keppont-400-x-200-keppont-2.png","width":800,"height":250,"caption":"Seg\u00edts Gyorsan Alap\u00edtv\u00e1ny"},"image":{"@id":"https:\/\/sgya.sbnmedia.hu\/#\/schema\/logo\/image\/"}}]}},"_links":{"self":[{"href":"https:\/\/sgya.sbnmedia.hu\/hu\/wp-json\/wp\/v2\/product\/1936","targetHints":{"allow":["GET"]}}],"collection":[{"href":"https:\/\/sgya.sbnmedia.hu\/hu\/wp-json\/wp\/v2\/product"}],"about":[{"href":"https:\/\/sgya.sbnmedia.hu\/hu\/wp-json\/wp\/v2\/types\/product"}],"replies":[{"embeddable":true,"href":"https:\/\/sgya.sbnmedia.hu\/hu\/wp-json\/wp\/v2\/comments?post=1936"}],"wp:featuredmedia":[{"embeddable":true,"href":"https:\/\/sgya.sbnmedia.hu\/hu\/wp-json\/wp\/v2\/media\/21759"}],"wp:attachment":[{"href":"https:\/\/sgya.sbnmedia.hu\/hu\/wp-json\/wp\/v2\/media?parent=1936"}],"wp:term":[{"taxonomy":"product_brand","embeddable":true,"href":"https:\/\/sgya.sbnmedia.hu\/hu\/wp-json\/wp\/v2\/product_brand?post=1936"},{"taxonomy":"product_cat","embeddable":true,"href":"https:\/\/sgya.sbnmedia.hu\/hu\/wp-json\/wp\/v2\/product_cat?post=1936"},{"taxonomy":"product_tag","embeddable":true,"href":"https:\/\/sgya.sbnmedia.hu\/hu\/wp-json\/wp\/v2\/product_tag?post=1936"}],"curies":[{"name":"wp","href":"https:\/\/api.w.org\/{rel}","templated":true}]}}